{"id":41,"date":"2013-10-13T14:54:51","date_gmt":"2013-10-13T14:54:51","guid":{"rendered":"http:\/\/valormais.com.br\/wp\/?page_id=41"},"modified":"2017-04-05T10:39:09","modified_gmt":"2017-04-05T13:39:09","slug":"consultoria-digital","status":"publish","type":"page","link":"https:\/\/www.valormais.com.br\/blog\/consultoria-digital\/","title":{"rendered":"Consultoria Digital"},"content":{"rendered":"<blockquote><p>Consultoria em Marketing Digital<\/p><\/blockquote>\n<p>A cada dia o profissional com conhecimento do mundo digital \u00e9 importante para empresas de todo porte, mas por v\u00e1rias raz\u00f5es, sabemos que nem todas podem ou querem contratar funcion\u00e1rios fixos para estas fun\u00e7\u00f5es, seja pela dificuldade em encontrar este profissional, ou at\u00e9 mesmo pela complexidade que \u00e9 administrar estas tarefas, j\u00e1 que poucos a conhecem dentro das empresas. Por outro lado, a contrata\u00e7\u00e3o de freelances n\u00e3o \u00e9 uma boa op\u00e7\u00e3o pela falta de comprometimento deste profissional, que deixa seu projeto por qualquer proposta um pouco melhor.<\/p>\n<p>Ciente disto, n\u00f3s criamos uma \u00e1rea especializada em consultoria para solu\u00e7\u00f5es digitais para a sua empresa, administrada por profissionais de Tecnologia da Informa\u00e7\u00e3o, com ampla Viv\u00eancia em grandes empresas e acostumados a cobran\u00e7as de resultados e prazos. N\u00e3o arrisque quando o assunto \u00e9 t\u00e3o complexo e t\u00e3o pouco conhecido.<\/p>\n<!-- AddThis Advanced Settings generic via filter on the_content --><!-- AddThis Share Buttons generic via filter on the_content -->","protected":false},"excerpt":{"rendered":"<p>Consultoria em Marketing Digital A cada dia o profissional com conhecimento do mundo digital \u00e9 importante para empresas de todo porte, mas por v\u00e1rias raz\u00f5es, sabemos que nem todas podem ou querem contratar funcion\u00e1rios fixos para estas fun\u00e7\u00f5es, seja pela dificuldade em encontrar este profissional, ou at\u00e9 mesmo pela complexidade que \u00e9 administrar estas tarefas, [&hellip;]<!-- AddThis Advanced Settings generic via filter on wp_trim_excerpt --><!-- AddThis Share Buttons generic via filter on wp_trim_excerpt --><\/p>\n","protected":false},"author":1,"featured_media":0,"parent":0,"menu_order":0,"comment_status":"open","ping_status":"open","template":"","meta":{"_et_pb_use_builder":"","_et_pb_old_content":"","_et_gb_content_width":"","footnotes":""},"class_list":["post-41","page","type-page","status-publish","hentry"],"yoast_head":"<!-- This site is optimized with the Yoast SEO Premium plugin v25.7.1 (Yoast SEO v27.3) - https:\/\/yoast.com\/product\/yoast-seo-premium-wordpress\/ -->\n<title>Consultoria em Marketing Digital , As tops tend\u00eancias em Marketing Digital para usar 2017<\/title>\n<meta name=\"robots\" content=\"index, follow, max-snippet:-1, max-image-preview:large, max-video-preview:-1\" \/>\n<link rel=\"canonical\" href=\"https:\/\/www.valormais.com.br\/blog\/consultoria-digital\/\" \/>\n<meta property=\"og:locale\" content=\"pt_BR\" \/>\n<meta property=\"og:type\" content=\"article\" \/>\n<meta property=\"og:title\" content=\"Consultoria Digital\" \/>\n<meta property=\"og:description\" content=\"Consultoria em Marketing Digital A cada dia o profissional com conhecimento do mundo digital \u00e9 importante para empresas de todo porte, mas por v\u00e1rias raz\u00f5es, sabemos que nem todas podem ou querem contratar funcion\u00e1rios fixos para estas fun\u00e7\u00f5es, seja pela dificuldade em encontrar este profissional, ou at\u00e9 mesmo pela complexidade que \u00e9 administrar estas tarefas, [&hellip;]\" \/>\n<meta property=\"og:url\" content=\"https:\/\/www.valormais.com.br\/blog\/consultoria-digital\/\" \/>\n<meta property=\"og:site_name\" content=\"VALORMAIS\" \/>\n<meta property=\"article:publisher\" content=\"https:\/\/www.facebook.com\/ValorMais\" \/>\n<meta property=\"article:modified_time\" content=\"2017-04-05T13:39:09+00:00\" \/>\n<meta property=\"og:image\" content=\"https:\/\/www.valormais.com.br\/blog\/wp-content\/uploads\/2013\/10\/logo.png\" \/>\n\t<meta property=\"og:image:width\" content=\"175\" \/>\n\t<meta property=\"og:image:height\" content=\"77\" \/>\n\t<meta property=\"og:image:type\" content=\"image\/png\" \/>\n<meta name=\"twitter:card\" content=\"summary_large_image\" \/>\n<meta name=\"twitter:site\" content=\"@valormais\" \/>\n<meta name=\"twitter:label1\" content=\"Est. tempo de leitura\" \/>\n\t<meta name=\"twitter:data1\" content=\"1 minuto\" \/>\n<script type=\"application\/ld+json\" class=\"yoast-schema-graph\">{\"@context\":\"https:\\\/\\\/schema.org\",\"@graph\":[{\"@type\":\"WebPage\",\"@id\":\"https:\\\/\\\/www.valormais.com.br\\\/blog\\\/consultoria-digital\\\/\",\"url\":\"https:\\\/\\\/www.valormais.com.br\\\/blog\\\/consultoria-digital\\\/\",\"name\":\"Consultoria em Marketing Digital , As tops tend\u00eancias em Marketing Digital para usar 2017\",\"isPartOf\":{\"@id\":\"https:\\\/\\\/www.valormais.com.br\\\/blog\\\/#website\"},\"datePublished\":\"2013-10-13T14:54:51+00:00\",\"dateModified\":\"2017-04-05T13:39:09+00:00\",\"breadcrumb\":{\"@id\":\"https:\\\/\\\/www.valormais.com.br\\\/blog\\\/consultoria-digital\\\/#breadcrumb\"},\"inLanguage\":\"pt-BR\",\"potentialAction\":[{\"@type\":\"ReadAction\",\"target\":[\"https:\\\/\\\/www.valormais.com.br\\\/blog\\\/consultoria-digital\\\/\"]}]},{\"@type\":\"BreadcrumbList\",\"@id\":\"https:\\\/\\\/www.valormais.com.br\\\/blog\\\/consultoria-digital\\\/#breadcrumb\",\"itemListElement\":[{\"@type\":\"ListItem\",\"position\":1,\"name\":\"In\u00edcio\",\"item\":\"https:\\\/\\\/www.valormais.com.br\\\/blog\\\/\"},{\"@type\":\"ListItem\",\"position\":2,\"name\":\"Consultoria Digital\"}]},{\"@type\":\"WebSite\",\"@id\":\"https:\\\/\\\/www.valormais.com.br\\\/blog\\\/#website\",\"url\":\"https:\\\/\\\/www.valormais.com.br\\\/blog\\\/\",\"name\":\"VALORMAIS\",\"description\":\"Solu\u00e7\u00f5es Digitais Inovadoras\",\"potentialAction\":[{\"@type\":\"SearchAction\",\"target\":{\"@type\":\"EntryPoint\",\"urlTemplate\":\"https:\\\/\\\/www.valormais.com.br\\\/blog\\\/?s={search_term_string}\"},\"query-input\":{\"@type\":\"PropertyValueSpecification\",\"valueRequired\":true,\"valueName\":\"search_term_string\"}}],\"inLanguage\":\"pt-BR\"}]}<\/script>\n<!-- \/ Yoast SEO Premium plugin. -->","yoast_head_json":{"title":"Consultoria em Marketing Digital , As tops tend\u00eancias em Marketing Digital para usar 2017","robots":{"index":"index","follow":"follow","max-snippet":"max-snippet:-1","max-image-preview":"max-image-preview:large","max-video-preview":"max-video-preview:-1"},"canonical":"https:\/\/www.valormais.com.br\/blog\/consultoria-digital\/","og_locale":"pt_BR","og_type":"article","og_title":"Consultoria Digital","og_description":"Consultoria em Marketing Digital A cada dia o profissional com conhecimento do mundo digital \u00e9 importante para empresas de todo porte, mas por v\u00e1rias raz\u00f5es, sabemos que nem todas podem ou querem contratar funcion\u00e1rios fixos para estas fun\u00e7\u00f5es, seja pela dificuldade em encontrar este profissional, ou at\u00e9 mesmo pela complexidade que \u00e9 administrar estas tarefas, [&hellip;]","og_url":"https:\/\/www.valormais.com.br\/blog\/consultoria-digital\/","og_site_name":"VALORMAIS","article_publisher":"https:\/\/www.facebook.com\/ValorMais","article_modified_time":"2017-04-05T13:39:09+00:00","og_image":[{"width":175,"height":77,"url":"https:\/\/www.valormais.com.br\/blog\/wp-content\/uploads\/2013\/10\/logo.png","type":"image\/png"}],"twitter_card":"summary_large_image","twitter_site":"@valormais","twitter_misc":{"Est. tempo de leitura":"1 minuto"},"schema":{"@context":"https:\/\/schema.org","@graph":[{"@type":"WebPage","@id":"https:\/\/www.valormais.com.br\/blog\/consultoria-digital\/","url":"https:\/\/www.valormais.com.br\/blog\/consultoria-digital\/","name":"Consultoria em Marketing Digital , As tops tend\u00eancias em Marketing Digital para usar 2017","isPartOf":{"@id":"https:\/\/www.valormais.com.br\/blog\/#website"},"datePublished":"2013-10-13T14:54:51+00:00","dateModified":"2017-04-05T13:39:09+00:00","breadcrumb":{"@id":"https:\/\/www.valormais.com.br\/blog\/consultoria-digital\/#breadcrumb"},"inLanguage":"pt-BR","potentialAction":[{"@type":"ReadAction","target":["https:\/\/www.valormais.com.br\/blog\/consultoria-digital\/"]}]},{"@type":"BreadcrumbList","@id":"https:\/\/www.valormais.com.br\/blog\/consultoria-digital\/#breadcrumb","itemListElement":[{"@type":"ListItem","position":1,"name":"In\u00edcio","item":"https:\/\/www.valormais.com.br\/blog\/"},{"@type":"ListItem","position":2,"name":"Consultoria Digital"}]},{"@type":"WebSite","@id":"https:\/\/www.valormais.com.br\/blog\/#website","url":"https:\/\/www.valormais.com.br\/blog\/","name":"VALORMAIS","description":"Solu\u00e7\u00f5es Digitais Inovadoras","potentialAction":[{"@type":"SearchAction","target":{"@type":"EntryPoint","urlTemplate":"https:\/\/www.valormais.com.br\/blog\/?s={search_term_string}"},"query-input":{"@type":"PropertyValueSpecification","valueRequired":true,"valueName":"search_term_string"}}],"inLanguage":"pt-BR"}]}},"_links":{"self":[{"href":"https:\/\/www.valormais.com.br\/blog\/wp-json\/wp\/v2\/pages\/41","targetHints":{"allow":["GET"]}}],"collection":[{"href":"https:\/\/www.valormais.com.br\/blog\/wp-json\/wp\/v2\/pages"}],"about":[{"href":"https:\/\/www.valormais.com.br\/blog\/wp-json\/wp\/v2\/types\/page"}],"author":[{"embeddable":true,"href":"https:\/\/www.valormais.com.br\/blog\/wp-json\/wp\/v2\/users\/1"}],"replies":[{"embeddable":true,"href":"https:\/\/www.valormais.com.br\/blog\/wp-json\/wp\/v2\/comments?post=41"}],"version-history":[{"count":0,"href":"https:\/\/www.valormais.com.br\/blog\/wp-json\/wp\/v2\/pages\/41\/revisions"}],"wp:attachment":[{"href":"https:\/\/www.valormais.com.br\/blog\/wp-json\/wp\/v2\/media?parent=41"}],"curies":[{"name":"wp","href":"https:\/\/api.w.org\/{rel}","templated":true}]}}