{"id":35,"date":"2013-10-13T14:52:48","date_gmt":"2013-10-13T14:52:48","guid":{"rendered":"http:\/\/valormais.com.br\/wp\/?page_id=35"},"modified":"2013-10-22T17:59:44","modified_gmt":"2013-10-22T17:59:44","slug":"google-adwords","status":"publish","type":"page","link":"https:\/\/www.valormais.com.br\/blog\/google-adwords\/","title":{"rendered":"Google Adwords"},"content":{"rendered":"<p>&#8220;&#8221;][vc_column_text]<\/p>\n<blockquote><p>Links patrocinados Google Adwords<\/p><\/blockquote>\n<p>Uma campanha de GOOGLE ADWORDS incentiva o tr\u00e1fego, vendas em seu website e sempre traz resultados, pela excel\u00eancia deste meio de propaganda, mas, uma campanha mal configurada pode custar at\u00e9 8 vezes mais.<\/p>\n<p>Este \u00e9 o nosso papel: Valorizar ao m\u00e1ximo o seu investimento em GOOGLE ADWORDS, buscamos visualiza\u00e7\u00e3o e convers\u00e3o, pelo menor valor.<\/p>\n<p>Fa\u00e7a uma campanha conosco, e compare os resultados.[\/vc_column_text][\/vc_column][\/vc_row]<\/p>\n<!-- AddThis Advanced Settings generic via filter on the_content --><!-- AddThis Share Buttons generic via filter on the_content -->","protected":false},"excerpt":{"rendered":"<p>&#8220;&#8221;][vc_column_text] Links patrocinados Google Adwords Uma campanha de GOOGLE ADWORDS incentiva o tr\u00e1fego, vendas em seu website e sempre traz resultados, pela excel\u00eancia deste meio de propaganda, mas, uma campanha mal configurada pode custar at\u00e9 8 vezes mais. Este \u00e9 o nosso papel: Valorizar ao m\u00e1ximo o seu investimento em GOOGLE ADWORDS, buscamos visualiza\u00e7\u00e3o e [&hellip;]<!-- AddThis Advanced Settings generic via filter on wp_trim_excerpt --><!-- AddThis Share Buttons generic via filter on wp_trim_excerpt --><\/p>\n","protected":false},"author":1,"featured_media":0,"parent":0,"menu_order":0,"comment_status":"open","ping_status":"open","template":"","meta":{"_et_pb_use_builder":"","_et_pb_old_content":"","_et_gb_content_width":"","footnotes":""},"class_list":["post-35","page","type-page","status-publish","hentry"],"yoast_head":"<!-- This site is optimized with the Yoast SEO Premium plugin v25.7.1 (Yoast SEO v27.5) - https:\/\/yoast.com\/product\/yoast-seo-premium-wordpress\/ -->\n<title>Google Adwords - VALORMAIS<\/title>\n<meta name=\"robots\" content=\"index, follow, max-snippet:-1, max-image-preview:large, max-video-preview:-1\" \/>\n<link rel=\"canonical\" href=\"https:\/\/www.valormais.com.br\/blog\/google-adwords\/\" \/>\n<meta property=\"og:locale\" content=\"pt_BR\" \/>\n<meta property=\"og:type\" content=\"article\" \/>\n<meta property=\"og:title\" content=\"Google Adwords\" \/>\n<meta property=\"og:description\" content=\"&#8220;&#8221;][vc_column_text] Links patrocinados Google Adwords Uma campanha de GOOGLE ADWORDS incentiva o tr\u00e1fego, vendas em seu website e sempre traz resultados, pela excel\u00eancia deste meio de propaganda, mas, uma campanha mal configurada pode custar at\u00e9 8 vezes mais. Este \u00e9 o nosso papel: Valorizar ao m\u00e1ximo o seu investimento em GOOGLE ADWORDS, buscamos visualiza\u00e7\u00e3o e [&hellip;]\" \/>\n<meta property=\"og:url\" content=\"https:\/\/www.valormais.com.br\/blog\/google-adwords\/\" \/>\n<meta property=\"og:site_name\" content=\"VALORMAIS\" \/>\n<meta property=\"article:publisher\" content=\"https:\/\/www.facebook.com\/ValorMais\" \/>\n<meta property=\"article:modified_time\" content=\"2013-10-22T17:59:44+00:00\" \/>\n<meta property=\"og:image\" content=\"https:\/\/www.valormais.com.br\/blog\/wp-content\/uploads\/2013\/10\/logo.png\" \/>\n\t<meta property=\"og:image:width\" content=\"175\" \/>\n\t<meta property=\"og:image:height\" content=\"77\" \/>\n\t<meta property=\"og:image:type\" content=\"image\/png\" \/>\n<meta name=\"twitter:card\" content=\"summary_large_image\" \/>\n<meta name=\"twitter:site\" content=\"@valormais\" \/>\n<script type=\"application\/ld+json\" class=\"yoast-schema-graph\">{\"@context\":\"https:\\\/\\\/schema.org\",\"@graph\":[{\"@type\":\"WebPage\",\"@id\":\"https:\\\/\\\/www.valormais.com.br\\\/blog\\\/google-adwords\\\/\",\"url\":\"https:\\\/\\\/www.valormais.com.br\\\/blog\\\/google-adwords\\\/\",\"name\":\"Google Adwords - VALORMAIS\",\"isPartOf\":{\"@id\":\"https:\\\/\\\/www.valormais.com.br\\\/blog\\\/#website\"},\"datePublished\":\"2013-10-13T14:52:48+00:00\",\"dateModified\":\"2013-10-22T17:59:44+00:00\",\"breadcrumb\":{\"@id\":\"https:\\\/\\\/www.valormais.com.br\\\/blog\\\/google-adwords\\\/#breadcrumb\"},\"inLanguage\":\"pt-BR\",\"potentialAction\":[{\"@type\":\"ReadAction\",\"target\":[\"https:\\\/\\\/www.valormais.com.br\\\/blog\\\/google-adwords\\\/\"]}]},{\"@type\":\"BreadcrumbList\",\"@id\":\"https:\\\/\\\/www.valormais.com.br\\\/blog\\\/google-adwords\\\/#breadcrumb\",\"itemListElement\":[{\"@type\":\"ListItem\",\"position\":1,\"name\":\"In\u00edcio\",\"item\":\"https:\\\/\\\/www.valormais.com.br\\\/blog\\\/\"},{\"@type\":\"ListItem\",\"position\":2,\"name\":\"Google Adwords\"}]},{\"@type\":\"WebSite\",\"@id\":\"https:\\\/\\\/www.valormais.com.br\\\/blog\\\/#website\",\"url\":\"https:\\\/\\\/www.valormais.com.br\\\/blog\\\/\",\"name\":\"VALORMAIS\",\"description\":\"Solu\u00e7\u00f5es Digitais Inovadoras\",\"potentialAction\":[{\"@type\":\"SearchAction\",\"target\":{\"@type\":\"EntryPoint\",\"urlTemplate\":\"https:\\\/\\\/www.valormais.com.br\\\/blog\\\/?s={search_term_string}\"},\"query-input\":{\"@type\":\"PropertyValueSpecification\",\"valueRequired\":true,\"valueName\":\"search_term_string\"}}],\"inLanguage\":\"pt-BR\"}]}<\/script>\n<!-- \/ Yoast SEO Premium plugin. -->","yoast_head_json":{"title":"Google Adwords - VALORMAIS","robots":{"index":"index","follow":"follow","max-snippet":"max-snippet:-1","max-image-preview":"max-image-preview:large","max-video-preview":"max-video-preview:-1"},"canonical":"https:\/\/www.valormais.com.br\/blog\/google-adwords\/","og_locale":"pt_BR","og_type":"article","og_title":"Google Adwords","og_description":"&#8220;&#8221;][vc_column_text] Links patrocinados Google Adwords Uma campanha de GOOGLE ADWORDS incentiva o tr\u00e1fego, vendas em seu website e sempre traz resultados, pela excel\u00eancia deste meio de propaganda, mas, uma campanha mal configurada pode custar at\u00e9 8 vezes mais. Este \u00e9 o nosso papel: Valorizar ao m\u00e1ximo o seu investimento em GOOGLE ADWORDS, buscamos visualiza\u00e7\u00e3o e [&hellip;]","og_url":"https:\/\/www.valormais.com.br\/blog\/google-adwords\/","og_site_name":"VALORMAIS","article_publisher":"https:\/\/www.facebook.com\/ValorMais","article_modified_time":"2013-10-22T17:59:44+00:00","og_image":[{"width":175,"height":77,"url":"https:\/\/www.valormais.com.br\/blog\/wp-content\/uploads\/2013\/10\/logo.png","type":"image\/png"}],"twitter_card":"summary_large_image","twitter_site":"@valormais","schema":{"@context":"https:\/\/schema.org","@graph":[{"@type":"WebPage","@id":"https:\/\/www.valormais.com.br\/blog\/google-adwords\/","url":"https:\/\/www.valormais.com.br\/blog\/google-adwords\/","name":"Google Adwords - VALORMAIS","isPartOf":{"@id":"https:\/\/www.valormais.com.br\/blog\/#website"},"datePublished":"2013-10-13T14:52:48+00:00","dateModified":"2013-10-22T17:59:44+00:00","breadcrumb":{"@id":"https:\/\/www.valormais.com.br\/blog\/google-adwords\/#breadcrumb"},"inLanguage":"pt-BR","potentialAction":[{"@type":"ReadAction","target":["https:\/\/www.valormais.com.br\/blog\/google-adwords\/"]}]},{"@type":"BreadcrumbList","@id":"https:\/\/www.valormais.com.br\/blog\/google-adwords\/#breadcrumb","itemListElement":[{"@type":"ListItem","position":1,"name":"In\u00edcio","item":"https:\/\/www.valormais.com.br\/blog\/"},{"@type":"ListItem","position":2,"name":"Google Adwords"}]},{"@type":"WebSite","@id":"https:\/\/www.valormais.com.br\/blog\/#website","url":"https:\/\/www.valormais.com.br\/blog\/","name":"VALORMAIS","description":"Solu\u00e7\u00f5es Digitais Inovadoras","potentialAction":[{"@type":"SearchAction","target":{"@type":"EntryPoint","urlTemplate":"https:\/\/www.valormais.com.br\/blog\/?s={search_term_string}"},"query-input":{"@type":"PropertyValueSpecification","valueRequired":true,"valueName":"search_term_string"}}],"inLanguage":"pt-BR"}]}},"_links":{"self":[{"href":"https:\/\/www.valormais.com.br\/blog\/wp-json\/wp\/v2\/pages\/35","targetHints":{"allow":["GET"]}}],"collection":[{"href":"https:\/\/www.valormais.com.br\/blog\/wp-json\/wp\/v2\/pages"}],"about":[{"href":"https:\/\/www.valormais.com.br\/blog\/wp-json\/wp\/v2\/types\/page"}],"author":[{"embeddable":true,"href":"https:\/\/www.valormais.com.br\/blog\/wp-json\/wp\/v2\/users\/1"}],"replies":[{"embeddable":true,"href":"https:\/\/www.valormais.com.br\/blog\/wp-json\/wp\/v2\/comments?post=35"}],"version-history":[{"count":0,"href":"https:\/\/www.valormais.com.br\/blog\/wp-json\/wp\/v2\/pages\/35\/revisions"}],"wp:attachment":[{"href":"https:\/\/www.valormais.com.br\/blog\/wp-json\/wp\/v2\/media?parent=35"}],"curies":[{"name":"wp","href":"https:\/\/api.w.org\/{rel}","templated":true}]}}