{"id":3418,"date":"2017-02-18T10:16:49","date_gmt":"2017-02-18T13:16:49","guid":{"rendered":"http:\/\/www.valormais.com.br\/?page_id=3418"},"modified":"2017-03-24T17:38:02","modified_gmt":"2017-03-24T20:38:02","slug":"goolink","status":"publish","type":"page","link":"https:\/\/www.valormais.com.br\/blog\/goolink\/","title":{"rendered":"GOOLINK"},"content":{"rendered":"<h2\"text-align: center;\"><img loading=\"lazy\" decoding=\"async\" class=\"aligncenter size-full wp-image-3420\" src=\"https:\/\/www.valormais.com.br\/wp-content\/uploads\/2017\/02\/logo-goolink.png\" alt=\"\" width=\"402\" height=\"100\" srcset=\"https:\/\/www.valormais.com.br\/blog\/wp-content\/uploads\/2017\/02\/logo-goolink.png 402w, https:\/\/www.valormais.com.br\/blog\/wp-content\/uploads\/2017\/02\/logo-goolink-300x75.png 300w\" sizes=\"(max-width: 402px) 100vw, 402px\" \/><\/h2>\n<h2\"text-align: center;\">GOOLINK Servi\u00e7o &#8211; Link Patrocinado Sem Pagar Por Clique!<\/h2>\n<p><img loading=\"lazy\" decoding=\"async\" class=\"aligncenter size-full wp-image-3419\" src=\"https:\/\/www.valormais.com.br\/wp-content\/uploads\/2017\/02\/banner-goolink-produto.jpg\" alt=\"\" width=\"840\" height=\"964\" srcset=\"https:\/\/www.valormais.com.br\/blog\/wp-content\/uploads\/2017\/02\/banner-goolink-produto.jpg 840w, https:\/\/www.valormais.com.br\/blog\/wp-content\/uploads\/2017\/02\/banner-goolink-produto-261x300.jpg 261w, https:\/\/www.valormais.com.br\/blog\/wp-content\/uploads\/2017\/02\/banner-goolink-produto-768x881.jpg 768w, https:\/\/www.valormais.com.br\/blog\/wp-content\/uploads\/2017\/02\/banner-goolink-produto-624x716.jpg 624w\" sizes=\"(max-width: 840px) 100vw, 840px\" \/><\/p>\n<p>&nbsp;<br \/>\n<h2\"text-align: center;\">SOLICITE MAIS INFORMA\u00c7\u00d5ES<\/h2>\n<p\"text-align: center;\">\n<div class=\"wpcf7 no-js\" id=\"wpcf7-f7-o1\" lang=\"pt-BR\" dir=\"ltr\" data-wpcf7-id=\"7\">\n<div class=\"screen-reader-response\"><p role=\"status\" aria-live=\"polite\" aria-atomic=\"true\"><\/p> <ul><\/ul><\/div>\n<form action=\"\/blog\/wp-json\/wp\/v2\/pages\/3418#wpcf7-f7-o1\" method=\"post\" class=\"wpcf7-form init\" aria-label=\"Formul\u00e1rios de contato\" novalidate=\"novalidate\" data-status=\"init\">\n<fieldset class=\"hidden-fields-container\"><input type=\"hidden\" name=\"_wpcf7\" value=\"7\" \/><input type=\"hidden\" name=\"_wpcf7_version\" value=\"6.1.5\" \/><input type=\"hidden\" name=\"_wpcf7_locale\" value=\"pt_BR\" \/><input type=\"hidden\" name=\"_wpcf7_unit_tag\" value=\"wpcf7-f7-o1\" \/><input type=\"hidden\" name=\"_wpcf7_container_post\" value=\"0\" \/><input type=\"hidden\" name=\"_wpcf7_posted_data_hash\" value=\"\" \/><input type=\"hidden\" name=\"_wpcf7dtx_version\" value=\"5.0.5\" \/>\n<\/fieldset>\n<div style=\"display:none\">\n\t<p><script>\n window.onload=function(){\n document.getElementsByName(\"SMT_url\")[0].value=location.href;\n }\n <\/script><br \/>\n<input type=\"hidden\"  name=\"SMT_url\" value=\"\" \/>\n\t<\/p>\n<\/div>\n<p><span class=\"wpcf7-form-control-wrap\" data-name=\"your-name\"><input size=\"40\" maxlength=\"400\" class=\"wpcf7-form-control wpcf7-text wpcf7-validates-as-required form400\" aria-required=\"true\" aria-invalid=\"false\" placeholder=\"Nome *\" value=\"\" type=\"text\" name=\"your-name\" \/><\/span>\n<\/p>\n<p><span class=\"wpcf7-form-control-wrap\" data-name=\"your-email\"><input size=\"40\" maxlength=\"400\" class=\"wpcf7-form-control wpcf7-email wpcf7-validates-as-required wpcf7-text wpcf7-validates-as-email form400\" aria-required=\"true\" aria-invalid=\"false\" placeholder=\"E-mail *\" value=\"\" type=\"email\" name=\"your-email\" \/><\/span>\n<\/p>\n<p><span class=\"wpcf7-form-control-wrap\" data-name=\"tel-993\"><input size=\"40\" maxlength=\"400\" class=\"wpcf7-form-control wpcf7-text wpcf7-validates-as-required sp_celphones\" aria-required=\"true\" aria-invalid=\"false\" placeholder=\"Telefone *\" value=\"\" type=\"text\" name=\"tel-993\" \/><\/span>\n<\/p>\n<p><span class=\"wpcf7-form-control-wrap\" data-name=\"your-subject\"><input size=\"40\" maxlength=\"400\" class=\"wpcf7-form-control wpcf7-text\" aria-invalid=\"false\" placeholder=\"Assunto *\" value=\"\" type=\"text\" name=\"your-subject\" \/><\/span>\n<\/p>\n<p><span class=\"wpcf7-form-control-wrap\" data-name=\"your-message\"><textarea cols=\"40\" rows=\"10\" maxlength=\"2000\" class=\"wpcf7-form-control wpcf7-textarea\" aria-invalid=\"false\" placeholder=\"Escreva aqui sua mensagem! *\" name=\"your-message\"><\/textarea><\/span>\n<\/p>\n<p>[recaptcha]\n<\/p>\n<p><input class=\"wpcf7-form-control wpcf7-submit has-spinner\" type=\"submit\" value=\"Enviar\" \/>\n<\/p><div class=\"wpcf7-response-output\" aria-hidden=\"true\"><\/div>\n<\/form>\n<\/div>\n<\/p>\n<p><span\"border-radius: 2px; text-indent: 20px; width: auto; padding: 0px 4px 0px 0px; text-align: center; font: bold 11px\/20px 'Helvetica Neue',Helvetica,sans-serif; color: #ffffff; background: #bd081c no-repeat scroll 3px 50% \/ 14px 14px; position: absolute; opacity: 1; z-index: 8675309; display: none; cursor: pointer; top: 1209px; left: 185px;\">Salvar<\/span><\/p>\n<p><span\"border-radius: 2px; text-indent: 20px; width: auto; padding: 0px 4px 0px 0px; text-align: center; font: bold 11px\/20px 'Helvetica Neue',Helvetica,sans-serif; color: #ffffff; background: #bd081c no-repeat scroll 3px 50% \/ 14px 14px; position: absolute; opacity: 1; z-index: 8675309; display: none; cursor: pointer; top: 1156px; left: 185px;\">Salvar<\/span><\/p>\n<p><span\"border-radius: 2px; text-indent: 20px; width: auto; padding: 0px 4px 0px 0px; text-align: center; font: bold 11px\/20px 'Helvetica Neue',Helvetica,sans-serif; color: #ffffff; background: #bd081c no-repeat scroll 3px 50% \/ 14px 14px; position: absolute; opacity: 1; z-index: 8675309; display: none; cursor: pointer; top: 216px; left: 185px;\">Salvar<\/span><\/p>\n<p><span\"border-radius: 2px; text-indent: 20px; width: auto; padding: 0px 4px 0px 0px; text-align: center; font: bold 11px\/20px 'Helvetica Neue',Helvetica,sans-serif; color: #ffffff; background: #bd081c no-repeat scroll 3px 50% \/ 14px 14px; position: absolute; opacity: 1; z-index: 8675309; display: none; cursor: pointer; top: 221px; left: 185px;\">Salvar<\/span><\/p>\n<p><span\"border-radius: 2px; text-indent: 20px; width: auto; padding: 0px 4px 0px 0px; text-align: center; font: bold 11px\/20px 'Helvetica Neue',Helvetica,sans-serif; color: #ffffff; background: #bd081c no-repeat scroll 3px 50% \/ 14px 14px; position: absolute; opacity: 1; z-index: 8675309; display: none; cursor: pointer; top: 1209px; left: 185px;\">Salvar<\/span><\/p>\n<p><span\"border-radius: 2px; text-indent: 20px; width: auto; padding: 0px 4px 0px 0px; text-align: center; font: bold 11px\/20px 'Helvetica Neue',Helvetica,sans-serif; color: #ffffff; background: #bd081c  no-repeat scroll 3px 50% \/ 14px 14px; position: absolute; opacity: 1; z-index: 8675309; display: none; cursor: pointer; top: 221px; left: 98px;\">Salvar<\/span><\/p>\n","protected":false},"excerpt":{"rendered":"<p>GOOLINK Servi\u00e7o &#8211; Link Patrocinado Sem Pagar Por Clique! &nbsp; SOLICITE MAIS INFORMA\u00c7\u00d5ES Salvar Salvar Salvar Salvar Salvar Salvar<\/p>\n","protected":false},"author":1,"featured_media":0,"parent":0,"menu_order":0,"comment_status":"closed","ping_status":"closed","template":"","meta":{"_et_pb_use_builder":"","_et_pb_old_content":"","_et_gb_content_width":"","footnotes":""},"class_list":["post-3418","page","type-page","status-publish","hentry"],"yoast_head":"<!-- This site is optimized with the Yoast SEO Premium plugin v25.7.1 (Yoast SEO v27.5) - https:\/\/yoast.com\/product\/yoast-seo-premium-wordpress\/ -->\n<title>GOOLINK - VALORMAIS<\/title>\n<meta name=\"robots\" content=\"index, follow, max-snippet:-1, max-image-preview:large, max-video-preview:-1\" \/>\n<link rel=\"canonical\" href=\"https:\/\/www.valormais.com.br\/blog\/goolink\/\" \/>\n<meta property=\"og:locale\" content=\"pt_BR\" \/>\n<meta property=\"og:type\" content=\"article\" \/>\n<meta property=\"og:title\" content=\"GOOLINK\" \/>\n<meta property=\"og:description\" content=\"GOOLINK Servi\u00e7o &#8211; Link Patrocinado Sem Pagar Por Clique! &nbsp; SOLICITE MAIS INFORMA\u00c7\u00d5ES Salvar Salvar Salvar Salvar Salvar Salvar\" \/>\n<meta property=\"og:url\" content=\"https:\/\/www.valormais.com.br\/blog\/goolink\/\" \/>\n<meta property=\"og:site_name\" content=\"VALORMAIS\" \/>\n<meta property=\"article:publisher\" content=\"https:\/\/www.facebook.com\/ValorMais\" \/>\n<meta property=\"article:modified_time\" content=\"2017-03-24T20:38:02+00:00\" \/>\n<meta property=\"og:image\" content=\"https:\/\/www.valormais.com.br\/wp-content\/uploads\/2017\/02\/logo-goolink.png\" \/>\n<meta name=\"twitter:card\" content=\"summary_large_image\" \/>\n<meta name=\"twitter:site\" content=\"@valormais\" \/>\n<script type=\"application\/ld+json\" class=\"yoast-schema-graph\">{\"@context\":\"https:\\\/\\\/schema.org\",\"@graph\":[{\"@type\":\"WebPage\",\"@id\":\"https:\\\/\\\/www.valormais.com.br\\\/blog\\\/goolink\\\/\",\"url\":\"https:\\\/\\\/www.valormais.com.br\\\/blog\\\/goolink\\\/\",\"name\":\"GOOLINK - VALORMAIS\",\"isPartOf\":{\"@id\":\"https:\\\/\\\/www.valormais.com.br\\\/blog\\\/#website\"},\"primaryImageOfPage\":{\"@id\":\"https:\\\/\\\/www.valormais.com.br\\\/blog\\\/goolink\\\/#primaryimage\"},\"image\":{\"@id\":\"https:\\\/\\\/www.valormais.com.br\\\/blog\\\/goolink\\\/#primaryimage\"},\"thumbnailUrl\":\"https:\\\/\\\/www.valormais.com.br\\\/wp-content\\\/uploads\\\/2017\\\/02\\\/logo-goolink.png\",\"datePublished\":\"2017-02-18T13:16:49+00:00\",\"dateModified\":\"2017-03-24T20:38:02+00:00\",\"breadcrumb\":{\"@id\":\"https:\\\/\\\/www.valormais.com.br\\\/blog\\\/goolink\\\/#breadcrumb\"},\"inLanguage\":\"pt-BR\",\"potentialAction\":[{\"@type\":\"ReadAction\",\"target\":[\"https:\\\/\\\/www.valormais.com.br\\\/blog\\\/goolink\\\/\"]}]},{\"@type\":\"ImageObject\",\"inLanguage\":\"pt-BR\",\"@id\":\"https:\\\/\\\/www.valormais.com.br\\\/blog\\\/goolink\\\/#primaryimage\",\"url\":\"https:\\\/\\\/www.valormais.com.br\\\/wp-content\\\/uploads\\\/2017\\\/02\\\/logo-goolink.png\",\"contentUrl\":\"https:\\\/\\\/www.valormais.com.br\\\/wp-content\\\/uploads\\\/2017\\\/02\\\/logo-goolink.png\"},{\"@type\":\"BreadcrumbList\",\"@id\":\"https:\\\/\\\/www.valormais.com.br\\\/blog\\\/goolink\\\/#breadcrumb\",\"itemListElement\":[{\"@type\":\"ListItem\",\"position\":1,\"name\":\"In\u00edcio\",\"item\":\"https:\\\/\\\/www.valormais.com.br\\\/blog\\\/\"},{\"@type\":\"ListItem\",\"position\":2,\"name\":\"GOOLINK\"}]},{\"@type\":\"WebSite\",\"@id\":\"https:\\\/\\\/www.valormais.com.br\\\/blog\\\/#website\",\"url\":\"https:\\\/\\\/www.valormais.com.br\\\/blog\\\/\",\"name\":\"VALORMAIS\",\"description\":\"Solu\u00e7\u00f5es Digitais Inovadoras\",\"potentialAction\":[{\"@type\":\"SearchAction\",\"target\":{\"@type\":\"EntryPoint\",\"urlTemplate\":\"https:\\\/\\\/www.valormais.com.br\\\/blog\\\/?s={search_term_string}\"},\"query-input\":{\"@type\":\"PropertyValueSpecification\",\"valueRequired\":true,\"valueName\":\"search_term_string\"}}],\"inLanguage\":\"pt-BR\"}]}<\/script>\n<!-- \/ Yoast SEO Premium plugin. -->","yoast_head_json":{"title":"GOOLINK - VALORMAIS","robots":{"index":"index","follow":"follow","max-snippet":"max-snippet:-1","max-image-preview":"max-image-preview:large","max-video-preview":"max-video-preview:-1"},"canonical":"https:\/\/www.valormais.com.br\/blog\/goolink\/","og_locale":"pt_BR","og_type":"article","og_title":"GOOLINK","og_description":"GOOLINK Servi\u00e7o &#8211; Link Patrocinado Sem Pagar Por Clique! &nbsp; SOLICITE MAIS INFORMA\u00c7\u00d5ES Salvar Salvar Salvar Salvar Salvar Salvar","og_url":"https:\/\/www.valormais.com.br\/blog\/goolink\/","og_site_name":"VALORMAIS","article_publisher":"https:\/\/www.facebook.com\/ValorMais","article_modified_time":"2017-03-24T20:38:02+00:00","og_image":[{"url":"https:\/\/www.valormais.com.br\/wp-content\/uploads\/2017\/02\/logo-goolink.png","type":"","width":"","height":""}],"twitter_card":"summary_large_image","twitter_site":"@valormais","schema":{"@context":"https:\/\/schema.org","@graph":[{"@type":"WebPage","@id":"https:\/\/www.valormais.com.br\/blog\/goolink\/","url":"https:\/\/www.valormais.com.br\/blog\/goolink\/","name":"GOOLINK - VALORMAIS","isPartOf":{"@id":"https:\/\/www.valormais.com.br\/blog\/#website"},"primaryImageOfPage":{"@id":"https:\/\/www.valormais.com.br\/blog\/goolink\/#primaryimage"},"image":{"@id":"https:\/\/www.valormais.com.br\/blog\/goolink\/#primaryimage"},"thumbnailUrl":"https:\/\/www.valormais.com.br\/wp-content\/uploads\/2017\/02\/logo-goolink.png","datePublished":"2017-02-18T13:16:49+00:00","dateModified":"2017-03-24T20:38:02+00:00","breadcrumb":{"@id":"https:\/\/www.valormais.com.br\/blog\/goolink\/#breadcrumb"},"inLanguage":"pt-BR","potentialAction":[{"@type":"ReadAction","target":["https:\/\/www.valormais.com.br\/blog\/goolink\/"]}]},{"@type":"ImageObject","inLanguage":"pt-BR","@id":"https:\/\/www.valormais.com.br\/blog\/goolink\/#primaryimage","url":"https:\/\/www.valormais.com.br\/wp-content\/uploads\/2017\/02\/logo-goolink.png","contentUrl":"https:\/\/www.valormais.com.br\/wp-content\/uploads\/2017\/02\/logo-goolink.png"},{"@type":"BreadcrumbList","@id":"https:\/\/www.valormais.com.br\/blog\/goolink\/#breadcrumb","itemListElement":[{"@type":"ListItem","position":1,"name":"In\u00edcio","item":"https:\/\/www.valormais.com.br\/blog\/"},{"@type":"ListItem","position":2,"name":"GOOLINK"}]},{"@type":"WebSite","@id":"https:\/\/www.valormais.com.br\/blog\/#website","url":"https:\/\/www.valormais.com.br\/blog\/","name":"VALORMAIS","description":"Solu\u00e7\u00f5es Digitais Inovadoras","potentialAction":[{"@type":"SearchAction","target":{"@type":"EntryPoint","urlTemplate":"https:\/\/www.valormais.com.br\/blog\/?s={search_term_string}"},"query-input":{"@type":"PropertyValueSpecification","valueRequired":true,"valueName":"search_term_string"}}],"inLanguage":"pt-BR"}]}},"_links":{"self":[{"href":"https:\/\/www.valormais.com.br\/blog\/wp-json\/wp\/v2\/pages\/3418","targetHints":{"allow":["GET"]}}],"collection":[{"href":"https:\/\/www.valormais.com.br\/blog\/wp-json\/wp\/v2\/pages"}],"about":[{"href":"https:\/\/www.valormais.com.br\/blog\/wp-json\/wp\/v2\/types\/page"}],"author":[{"embeddable":true,"href":"https:\/\/www.valormais.com.br\/blog\/wp-json\/wp\/v2\/users\/1"}],"replies":[{"embeddable":true,"href":"https:\/\/www.valormais.com.br\/blog\/wp-json\/wp\/v2\/comments?post=3418"}],"version-history":[{"count":0,"href":"https:\/\/www.valormais.com.br\/blog\/wp-json\/wp\/v2\/pages\/3418\/revisions"}],"wp:attachment":[{"href":"https:\/\/www.valormais.com.br\/blog\/wp-json\/wp\/v2\/media?parent=3418"}],"curies":[{"name":"wp","href":"https:\/\/api.w.org\/{rel}","templated":true}]}}