{"id":32,"date":"2013-10-13T14:52:29","date_gmt":"2013-10-13T14:52:29","guid":{"rendered":"http:\/\/valormais.com.br\/wp\/?page_id=32"},"modified":"2013-10-22T17:17:54","modified_gmt":"2013-10-22T17:17:54","slug":"email-marketing","status":"publish","type":"page","link":"https:\/\/www.valormais.com.br\/blog\/email-marketing\/","title":{"rendered":"Email Marketing"},"content":{"rendered":"<p>&#8220;&#8221;][vc_column_text]<\/p>\n<blockquote><p>Estreite os la\u00e7os Utilize marketing direto!<\/p><\/blockquote>\n<p>Fazemos uso das melhores t\u00e9cnicas e ferramentas quando o assunto \u00e9 e-mail marketing, contamos com apoio dos melhores disparadores do mercado, pe\u00e7as em HTML e listas v\u00e1lidas.<\/p>\n<p>Nossos clientes acompanham cada a\u00e7\u00e3o com relat\u00f3rios completos dos resultados. S\u00e3o mais de 500 campanhas e 1.500.000.000 de disparos, sempre dentro das normas da ABEMD e com excelentes n\u00edveis de abertura.[\/vc_column_text][\/vc_column][\/vc_row]<\/p>\n<!-- AddThis Advanced Settings generic via filter on the_content --><!-- AddThis Share Buttons generic via filter on the_content -->","protected":false},"excerpt":{"rendered":"<p>&#8220;&#8221;][vc_column_text] Estreite os la\u00e7os Utilize marketing direto! Fazemos uso das melhores t\u00e9cnicas e ferramentas quando o assunto \u00e9 e-mail marketing, contamos com apoio dos melhores disparadores do mercado, pe\u00e7as em HTML e listas v\u00e1lidas. Nossos clientes acompanham cada a\u00e7\u00e3o com relat\u00f3rios completos dos resultados. S\u00e3o mais de 500 campanhas e 1.500.000.000 de disparos, sempre dentro [&hellip;]<!-- AddThis Advanced Settings generic via filter on wp_trim_excerpt --><!-- AddThis Share Buttons generic via filter on wp_trim_excerpt --><\/p>\n","protected":false},"author":1,"featured_media":0,"parent":0,"menu_order":0,"comment_status":"open","ping_status":"open","template":"","meta":{"_et_pb_use_builder":"","_et_pb_old_content":"","_et_gb_content_width":"","footnotes":""},"class_list":["post-32","page","type-page","status-publish","hentry"],"yoast_head":"<!-- This site is optimized with the Yoast SEO Premium plugin v25.7.1 (Yoast SEO v27.5) - https:\/\/yoast.com\/product\/yoast-seo-premium-wordpress\/ -->\n<title>Email Marketing - VALORMAIS<\/title>\n<meta name=\"robots\" content=\"index, follow, max-snippet:-1, max-image-preview:large, max-video-preview:-1\" \/>\n<link rel=\"canonical\" href=\"https:\/\/www.valormais.com.br\/blog\/email-marketing\/\" \/>\n<meta property=\"og:locale\" content=\"pt_BR\" \/>\n<meta property=\"og:type\" content=\"article\" \/>\n<meta property=\"og:title\" content=\"Email Marketing\" \/>\n<meta property=\"og:description\" content=\"&#8220;&#8221;][vc_column_text] Estreite os la\u00e7os Utilize marketing direto! Fazemos uso das melhores t\u00e9cnicas e ferramentas quando o assunto \u00e9 e-mail marketing, contamos com apoio dos melhores disparadores do mercado, pe\u00e7as em HTML e listas v\u00e1lidas. Nossos clientes acompanham cada a\u00e7\u00e3o com relat\u00f3rios completos dos resultados. S\u00e3o mais de 500 campanhas e 1.500.000.000 de disparos, sempre dentro [&hellip;]\" \/>\n<meta property=\"og:url\" content=\"https:\/\/www.valormais.com.br\/blog\/email-marketing\/\" \/>\n<meta property=\"og:site_name\" content=\"VALORMAIS\" \/>\n<meta property=\"article:publisher\" content=\"https:\/\/www.facebook.com\/ValorMais\" \/>\n<meta property=\"article:modified_time\" content=\"2013-10-22T17:17:54+00:00\" \/>\n<meta property=\"og:image\" content=\"https:\/\/www.valormais.com.br\/blog\/wp-content\/uploads\/2013\/10\/logo.png\" \/>\n\t<meta property=\"og:image:width\" content=\"175\" \/>\n\t<meta property=\"og:image:height\" content=\"77\" \/>\n\t<meta property=\"og:image:type\" content=\"image\/png\" \/>\n<meta name=\"twitter:card\" content=\"summary_large_image\" \/>\n<meta name=\"twitter:site\" content=\"@valormais\" \/>\n<script type=\"application\/ld+json\" class=\"yoast-schema-graph\">{\"@context\":\"https:\\\/\\\/schema.org\",\"@graph\":[{\"@type\":\"WebPage\",\"@id\":\"https:\\\/\\\/www.valormais.com.br\\\/blog\\\/email-marketing\\\/\",\"url\":\"https:\\\/\\\/www.valormais.com.br\\\/blog\\\/email-marketing\\\/\",\"name\":\"Email Marketing - VALORMAIS\",\"isPartOf\":{\"@id\":\"https:\\\/\\\/www.valormais.com.br\\\/blog\\\/#website\"},\"datePublished\":\"2013-10-13T14:52:29+00:00\",\"dateModified\":\"2013-10-22T17:17:54+00:00\",\"breadcrumb\":{\"@id\":\"https:\\\/\\\/www.valormais.com.br\\\/blog\\\/email-marketing\\\/#breadcrumb\"},\"inLanguage\":\"pt-BR\",\"potentialAction\":[{\"@type\":\"ReadAction\",\"target\":[\"https:\\\/\\\/www.valormais.com.br\\\/blog\\\/email-marketing\\\/\"]}]},{\"@type\":\"BreadcrumbList\",\"@id\":\"https:\\\/\\\/www.valormais.com.br\\\/blog\\\/email-marketing\\\/#breadcrumb\",\"itemListElement\":[{\"@type\":\"ListItem\",\"position\":1,\"name\":\"In\u00edcio\",\"item\":\"https:\\\/\\\/www.valormais.com.br\\\/blog\\\/\"},{\"@type\":\"ListItem\",\"position\":2,\"name\":\"Email Marketing\"}]},{\"@type\":\"WebSite\",\"@id\":\"https:\\\/\\\/www.valormais.com.br\\\/blog\\\/#website\",\"url\":\"https:\\\/\\\/www.valormais.com.br\\\/blog\\\/\",\"name\":\"VALORMAIS\",\"description\":\"Solu\u00e7\u00f5es Digitais Inovadoras\",\"potentialAction\":[{\"@type\":\"SearchAction\",\"target\":{\"@type\":\"EntryPoint\",\"urlTemplate\":\"https:\\\/\\\/www.valormais.com.br\\\/blog\\\/?s={search_term_string}\"},\"query-input\":{\"@type\":\"PropertyValueSpecification\",\"valueRequired\":true,\"valueName\":\"search_term_string\"}}],\"inLanguage\":\"pt-BR\"}]}<\/script>\n<!-- \/ Yoast SEO Premium plugin. -->","yoast_head_json":{"title":"Email Marketing - VALORMAIS","robots":{"index":"index","follow":"follow","max-snippet":"max-snippet:-1","max-image-preview":"max-image-preview:large","max-video-preview":"max-video-preview:-1"},"canonical":"https:\/\/www.valormais.com.br\/blog\/email-marketing\/","og_locale":"pt_BR","og_type":"article","og_title":"Email Marketing","og_description":"&#8220;&#8221;][vc_column_text] Estreite os la\u00e7os Utilize marketing direto! Fazemos uso das melhores t\u00e9cnicas e ferramentas quando o assunto \u00e9 e-mail marketing, contamos com apoio dos melhores disparadores do mercado, pe\u00e7as em HTML e listas v\u00e1lidas. Nossos clientes acompanham cada a\u00e7\u00e3o com relat\u00f3rios completos dos resultados. S\u00e3o mais de 500 campanhas e 1.500.000.000 de disparos, sempre dentro [&hellip;]","og_url":"https:\/\/www.valormais.com.br\/blog\/email-marketing\/","og_site_name":"VALORMAIS","article_publisher":"https:\/\/www.facebook.com\/ValorMais","article_modified_time":"2013-10-22T17:17:54+00:00","og_image":[{"width":175,"height":77,"url":"https:\/\/www.valormais.com.br\/blog\/wp-content\/uploads\/2013\/10\/logo.png","type":"image\/png"}],"twitter_card":"summary_large_image","twitter_site":"@valormais","schema":{"@context":"https:\/\/schema.org","@graph":[{"@type":"WebPage","@id":"https:\/\/www.valormais.com.br\/blog\/email-marketing\/","url":"https:\/\/www.valormais.com.br\/blog\/email-marketing\/","name":"Email Marketing - VALORMAIS","isPartOf":{"@id":"https:\/\/www.valormais.com.br\/blog\/#website"},"datePublished":"2013-10-13T14:52:29+00:00","dateModified":"2013-10-22T17:17:54+00:00","breadcrumb":{"@id":"https:\/\/www.valormais.com.br\/blog\/email-marketing\/#breadcrumb"},"inLanguage":"pt-BR","potentialAction":[{"@type":"ReadAction","target":["https:\/\/www.valormais.com.br\/blog\/email-marketing\/"]}]},{"@type":"BreadcrumbList","@id":"https:\/\/www.valormais.com.br\/blog\/email-marketing\/#breadcrumb","itemListElement":[{"@type":"ListItem","position":1,"name":"In\u00edcio","item":"https:\/\/www.valormais.com.br\/blog\/"},{"@type":"ListItem","position":2,"name":"Email Marketing"}]},{"@type":"WebSite","@id":"https:\/\/www.valormais.com.br\/blog\/#website","url":"https:\/\/www.valormais.com.br\/blog\/","name":"VALORMAIS","description":"Solu\u00e7\u00f5es Digitais Inovadoras","potentialAction":[{"@type":"SearchAction","target":{"@type":"EntryPoint","urlTemplate":"https:\/\/www.valormais.com.br\/blog\/?s={search_term_string}"},"query-input":{"@type":"PropertyValueSpecification","valueRequired":true,"valueName":"search_term_string"}}],"inLanguage":"pt-BR"}]}},"_links":{"self":[{"href":"https:\/\/www.valormais.com.br\/blog\/wp-json\/wp\/v2\/pages\/32","targetHints":{"allow":["GET"]}}],"collection":[{"href":"https:\/\/www.valormais.com.br\/blog\/wp-json\/wp\/v2\/pages"}],"about":[{"href":"https:\/\/www.valormais.com.br\/blog\/wp-json\/wp\/v2\/types\/page"}],"author":[{"embeddable":true,"href":"https:\/\/www.valormais.com.br\/blog\/wp-json\/wp\/v2\/users\/1"}],"replies":[{"embeddable":true,"href":"https:\/\/www.valormais.com.br\/blog\/wp-json\/wp\/v2\/comments?post=32"}],"version-history":[{"count":0,"href":"https:\/\/www.valormais.com.br\/blog\/wp-json\/wp\/v2\/pages\/32\/revisions"}],"wp:attachment":[{"href":"https:\/\/www.valormais.com.br\/blog\/wp-json\/wp\/v2\/media?parent=32"}],"curies":[{"name":"wp","href":"https:\/\/api.w.org\/{rel}","templated":true}]}}